{"id":1282,"date":"2023-04-04T23:17:06","date_gmt":"2023-04-04T23:17:06","guid":{"rendered":"https:\/\/exstylia.nl\/?post_type=product&#038;p=1282"},"modified":"2023-04-04T23:17:11","modified_gmt":"2023-04-04T23:17:11","slug":"valentino-garavani-3","status":"publish","type":"product","link":"https:\/\/exstylia.nl\/index.php\/product\/valentino-garavani-3\/","title":{"rendered":"Valentino Garavani"},"content":{"rendered":"<p>Valentino GaravaniOorbellen met VLOGOVLOGO kenmerk, kristallen versiering en postback sluiting. Twee is beter dan \u00e9\u00e9n. Deze oorbellen worden worden per paar geleverd.Land van herkomst: Itali\u00eb<\/p>\n","protected":false},"excerpt":{"rendered":"<p>Valentino GaravaniOorbellen met VLOGOVLOGO kenmerk, kristallen versiering en postback sluiting. Twee is beter dan \u00e9\u00e9n. Deze oorbellen worden worden per paar geleverd.Land van herkomst: Itali\u00eb<\/p>\n","protected":false},"featured_media":1291,"comment_status":"closed","ping_status":"closed","template":"","meta":[],"product_cat":[43],"product_tag":[44],"class_list":["post-1282","product","type-product","status-publish","has-post-thumbnail","hentry","product_cat-sieraden","product_tag-sieraden"],"_links":{"self":[{"href":"https:\/\/exstylia.nl\/index.php\/wp-json\/wp\/v2\/product\/1282","targetHints":{"allow":["GET"]}}],"collection":[{"href":"https:\/\/exstylia.nl\/index.php\/wp-json\/wp\/v2\/product"}],"about":[{"href":"https:\/\/exstylia.nl\/index.php\/wp-json\/wp\/v2\/types\/product"}],"replies":[{"embeddable":true,"href":"https:\/\/exstylia.nl\/index.php\/wp-json\/wp\/v2\/comments?post=1282"}],"wp:featuredmedia":[{"embeddable":true,"href":"https:\/\/exstylia.nl\/index.php\/wp-json\/wp\/v2\/media\/1291"}],"wp:attachment":[{"href":"https:\/\/exstylia.nl\/index.php\/wp-json\/wp\/v2\/media?parent=1282"}],"wp:term":[{"taxonomy":"product_cat","embeddable":true,"href":"https:\/\/exstylia.nl\/index.php\/wp-json\/wp\/v2\/product_cat?post=1282"},{"taxonomy":"product_tag","embeddable":true,"href":"https:\/\/exstylia.nl\/index.php\/wp-json\/wp\/v2\/product_tag?post=1282"}],"curies":[{"name":"wp","href":"https:\/\/api.w.org\/{rel}","templated":true}]}}